{"id":4972,"date":"2025-02-11T16:07:42","date_gmt":"2025-02-11T16:07:42","guid":{"rendered":"https:\/\/bestofcroatia.eu\/blog\/?page_id=4972"},"modified":"2025-02-19T15:01:51","modified_gmt":"2025-02-19T15:01:51","slug":"blog-touristique-croatie","status":"publish","type":"page","link":"https:\/\/bestofcroatia.eu\/blog\/fr\/","title":{"rendered":"Blog Best of Croatia"},"content":{"rendered":"\t\t<div data-elementor-type=\"wp-page\" data-elementor-id=\"4972\" class=\"elementor elementor-4972\" data-elementor-post-type=\"page\">\n\t\t\t\t<div class=\"elementor-element elementor-element-3901acf e-con-full e-flex e-con e-parent\" data-id=\"3901acf\" data-element_type=\"container\" data-settings=\"{&quot;background_background&quot;:&quot;classic&quot;}\">\n\t\t<div class=\"elementor-element elementor-element-e9546fc e-flex e-con-boxed e-con e-child\" data-id=\"e9546fc\" data-element_type=\"container\">\n\t\t\t\t\t<div class=\"e-con-inner\">\n\t\t\t\t<div class=\"elementor-element elementor-element-decc0bb elementor-widget elementor-widget-heading\" data-id=\"decc0bb\" data-element_type=\"widget\" data-widget_type=\"heading.default\">\n\t\t\t\t<div class=\"elementor-widget-container\">\n\t\t\t\t\t<h2 class=\"elementor-heading-title elementor-size-default\">Bienvenue en Croatie, d\u00e9couvrez-la avec nous ! <\/h2>\t\t\t\t<\/div>\n\t\t\t\t<\/div>\n\t\t\t\t\t<\/div>\n\t\t\t\t<\/div>\n\t\t\t\t<\/div>\n\t\t<div class=\"elementor-element elementor-element-b83f889 e-flex e-con-boxed e-con e-parent\" data-id=\"b83f889\" data-element_type=\"container\">\n\t\t\t\t\t<div class=\"e-con-inner\">\n\t\t\t\t<div class=\"elementor-element elementor-element-400862f elementor-widget elementor-widget-text-editor\" data-id=\"400862f\" data-element_type=\"widget\" data-widget_type=\"text-editor.default\">\n\t\t\t\t<div class=\"elementor-widget-container\">\n\t\t\t\t\t\t\t\t\t<p style=\"text-align: center;\">Tous les plans, les escapades, les repas, les \u00e9v\u00e9nements et bien plus encore que vous devez savoir sur la Croatie pour rendre votre voyage inoubliable. D\u00e9couvrez ses secrets avec Best of Croatia<\/p>\t\t\t\t\t\t\t\t<\/div>\n\t\t\t\t<\/div>\n\t\t\t\t\t<\/div>\n\t\t\t\t<\/div>\n\t\t<div class=\"elementor-element elementor-element-6ba6a20 e-flex e-con-boxed e-con e-parent\" data-id=\"6ba6a20\" data-element_type=\"container\">\n\t\t\t\t\t<div class=\"e-con-inner\">\n\t\t\t\t<div class=\"elementor-element elementor-element-db0957d elementor-grid-3 elementor-grid-tablet-2 elementor-grid-mobile-1 elementor-posts--thumbnail-top load-more-align-center elementor-widget elementor-widget-posts\" data-id=\"db0957d\" data-element_type=\"widget\" data-settings=\"{&quot;classic_row_gap&quot;:{&quot;unit&quot;:&quot;px&quot;,&quot;size&quot;:25,&quot;sizes&quot;:[]},&quot;pagination_type&quot;:&quot;load_more_on_click&quot;,&quot;classic_columns&quot;:&quot;3&quot;,&quot;classic_columns_tablet&quot;:&quot;2&quot;,&quot;classic_columns_mobile&quot;:&quot;1&quot;,&quot;classic_row_gap_tablet&quot;:{&quot;unit&quot;:&quot;px&quot;,&quot;size&quot;:&quot;&quot;,&quot;sizes&quot;:[]},&quot;classic_row_gap_mobile&quot;:{&quot;unit&quot;:&quot;px&quot;,&quot;size&quot;:&quot;&quot;,&quot;sizes&quot;:[]},&quot;load_more_spinner&quot;:{&quot;value&quot;:&quot;fas fa-spinner&quot;,&quot;library&quot;:&quot;fa-solid&quot;}}\" data-widget_type=\"posts.classic\">\n\t\t\t\t<div class=\"elementor-widget-container\">\n\t\t\t\t\t\t\t<div class=\"elementor-posts-container elementor-posts elementor-posts--skin-classic elementor-grid\" role=\"list\">\n\t\t\t\t<article class=\"elementor-post elementor-grid-item post-740 post type-post status-publish format-standard has-post-thumbnail hentry category-destinations-croatie\" role=\"listitem\">\n\t\t\t\t<a class=\"elementor-post__thumbnail__link\" href=\"https:\/\/bestofcroatia.eu\/blog\/fr\/dalmatie-du-sud\/\" tabindex=\"-1\" >\n\t\t\t<div class=\"elementor-post__thumbnail\"><img fetchpriority=\"high\" decoding=\"async\" width=\"768\" height=\"512\" src=\"https:\/\/bestofcroatia.eu\/blog\/wp-content\/uploads\/2024\/10\/AdobeStock_298904208-768x512.jpg\" class=\"attachment-medium_large size-medium_large wp-image-585\" alt=\"\" srcset=\"https:\/\/bestofcroatia.eu\/blog\/wp-content\/uploads\/2024\/10\/AdobeStock_298904208-768x512.jpg 768w, https:\/\/bestofcroatia.eu\/blog\/wp-content\/uploads\/2024\/10\/AdobeStock_298904208.jpg 1400w\" sizes=\"(max-width: 768px) 100vw, 768px\" \/><\/div>\n\t\t<\/a>\n\t\t\t\t<div class=\"elementor-post__text\">\n\t\t\t\t<h3 class=\"elementor-post__title\">\n\t\t\t<a href=\"https:\/\/bestofcroatia.eu\/blog\/fr\/dalmatie-du-sud\/\" >\n\t\t\t\tDalmatie du Sud\t\t\t<\/a>\n\t\t<\/h3>\n\t\t\t\t<div class=\"elementor-post__meta-data\">\n\t\t\t\t\t<span class=\"elementor-post-date\">\n\t\t\toctobre 23, 2024\t\t<\/span>\n\t\t\t\t<\/div>\n\t\t\t\t<\/div>\n\t\t\t\t<\/article>\n\t\t\t\t<article class=\"elementor-post elementor-grid-item post-458 post type-post status-publish format-standard has-post-thumbnail hentry category-destinations-croatie\" role=\"listitem\">\n\t\t\t\t<a class=\"elementor-post__thumbnail__link\" href=\"https:\/\/bestofcroatia.eu\/blog\/fr\/a-propos-de-kroatien\/\" tabindex=\"-1\" >\n\t\t\t<div class=\"elementor-post__thumbnail\"><img decoding=\"async\" width=\"768\" height=\"512\" src=\"https:\/\/bestofcroatia.eu\/blog\/wp-content\/uploads\/2024\/09\/Fotolia_54579392_Subscription_Monthly_M-768x512.jpg\" class=\"attachment-medium_large size-medium_large wp-image-38\" alt=\"\" srcset=\"https:\/\/bestofcroatia.eu\/blog\/wp-content\/uploads\/2024\/09\/Fotolia_54579392_Subscription_Monthly_M-768x512.jpg 768w, https:\/\/bestofcroatia.eu\/blog\/wp-content\/uploads\/2024\/09\/Fotolia_54579392_Subscription_Monthly_M-1536x1024.jpg 1536w, https:\/\/bestofcroatia.eu\/blog\/wp-content\/uploads\/2024\/09\/Fotolia_54579392_Subscription_Monthly_M.jpg 1688w\" sizes=\"(max-width: 768px) 100vw, 768px\" \/><\/div>\n\t\t<\/a>\n\t\t\t\t<div class=\"elementor-post__text\">\n\t\t\t\t<h3 class=\"elementor-post__title\">\n\t\t\t<a href=\"https:\/\/bestofcroatia.eu\/blog\/fr\/a-propos-de-kroatien\/\" >\n\t\t\t\t\u00c0 propos de Croatie\t\t\t<\/a>\n\t\t<\/h3>\n\t\t\t\t<div class=\"elementor-post__meta-data\">\n\t\t\t\t\t<span class=\"elementor-post-date\">\n\t\t\tseptembre 24, 2024\t\t<\/span>\n\t\t\t\t<\/div>\n\t\t\t\t<\/div>\n\t\t\t\t<\/article>\n\t\t\t\t<\/div>\n\t\t\t\t\t<span class=\"e-load-more-spinner\">\n\t\t\t\t<svg aria-hidden=\"true\" class=\"e-font-icon-svg e-fas-spinner\" viewBox=\"0 0 512 512\" xmlns=\"http:\/\/www.w3.org\/2000\/svg\"><path d=\"M304 48c0 26.51-21.49 48-48 48s-48-21.49-48-48 21.49-48 48-48 48 21.49 48 48zm-48 368c-26.51 0-48 21.49-48 48s21.49 48 48 48 48-21.49 48-48-21.49-48-48-48zm208-208c-26.51 0-48 21.49-48 48s21.49 48 48 48 48-21.49 48-48-21.49-48-48-48zM96 256c0-26.51-21.49-48-48-48S0 229.49 0 256s21.49 48 48 48 48-21.49 48-48zm12.922 99.078c-26.51 0-48 21.49-48 48s21.49 48 48 48 48-21.49 48-48c0-26.509-21.491-48-48-48zm294.156 0c-26.51 0-48 21.49-48 48s21.49 48 48 48 48-21.49 48-48c0-26.509-21.49-48-48-48zM108.922 60.922c-26.51 0-48 21.49-48 48s21.49 48 48 48 48-21.49 48-48-21.491-48-48-48z\"><\/path><\/svg>\t\t\t<\/span>\n\t\t\n\t\t\t\t\t\t<\/div>\n\t\t\t\t<\/div>\n\t\t\t\t\t<\/div>\n\t\t\t\t<\/div>\n\t\t\t\t<\/div>\n\t\t","protected":false},"excerpt":{"rendered":"<p>Bienvenue en Croatie, d\u00e9couvrez-la avec nous ! Tous les plans, les escapades, les repas, les \u00e9v\u00e9nements et bien plus encore que vous devez savoir sur<\/p>\n","protected":false},"author":3,"featured_media":11782,"parent":0,"menu_order":0,"comment_status":"closed","ping_status":"closed","template":"","meta":{"footnotes":""},"class_list":["post-4972","page","type-page","status-publish","has-post-thumbnail","hentry"],"yoast_head":"<!-- This site is optimized with the Yoast SEO plugin v26.2 - https:\/\/yoast.com\/wordpress\/plugins\/seo\/ -->\n<title>D\u00e9couvrir la Croatie, blog touristique | Best of Croatia<\/title>\n<meta name=\"description\" content=\"Les meilleurs plans et escapades pour ne rien manquer lors de votre visite en Croatie. Des informations touristiques pour un voyage parfait !\" \/>\n<meta name=\"robots\" content=\"index, follow, max-snippet:-1, max-image-preview:large, max-video-preview:-1\" \/>\n<link rel=\"canonical\" href=\"https:\/\/bestofcroatia.eu\/blog\/fr\/\" \/>\n<meta property=\"og:locale\" content=\"fr_FR\" \/>\n<meta property=\"og:type\" content=\"article\" \/>\n<meta property=\"og:title\" content=\"D\u00e9couvrir la Croatie, blog touristique | Best of Croatia\" \/>\n<meta property=\"og:description\" content=\"Les meilleurs plans et escapades pour ne rien manquer lors de votre visite en Croatie. Des informations touristiques pour un voyage parfait !\" \/>\n<meta property=\"og:url\" content=\"https:\/\/bestofcroatia.eu\/blog\/fr\/\" \/>\n<meta property=\"og:site_name\" content=\"Blog &amp; Reisef\u00fchrer\" \/>\n<meta property=\"article:modified_time\" content=\"2025-02-19T15:01:51+00:00\" \/>\n<meta property=\"og:image\" content=\"https:\/\/bestofcroatia.eu\/blog\/wp-content\/uploads\/2025\/02\/best-of-croatia-blog.jpg\" \/>\n\t<meta property=\"og:image:width\" content=\"1920\" \/>\n\t<meta property=\"og:image:height\" content=\"561\" \/>\n\t<meta property=\"og:image:type\" content=\"image\/jpeg\" \/>\n<meta name=\"twitter:card\" content=\"summary_large_image\" \/>\n<meta name=\"twitter:label1\" content=\"Dur\u00e9e de lecture estim\u00e9e\" \/>\n\t<meta name=\"twitter:data1\" content=\"1 minute\" \/>\n<script type=\"application\/ld+json\" class=\"yoast-schema-graph\">{\"@context\":\"https:\/\/schema.org\",\"@graph\":[{\"@type\":\"WebPage\",\"@id\":\"https:\/\/bestofcroatia.eu\/blog\/fr\/\",\"url\":\"https:\/\/bestofcroatia.eu\/blog\/fr\/\",\"name\":\"D\u00e9couvrir la Croatie, blog touristique | Best of Croatia\",\"isPartOf\":{\"@id\":\"https:\/\/bestofcroatia.eu\/blog\/fr\/#website\"},\"primaryImageOfPage\":{\"@id\":\"https:\/\/bestofcroatia.eu\/blog\/fr\/#primaryimage\"},\"image\":{\"@id\":\"https:\/\/bestofcroatia.eu\/blog\/fr\/#primaryimage\"},\"thumbnailUrl\":\"https:\/\/bestofcroatia.eu\/blog\/wp-content\/uploads\/2025\/05\/Best-of-croatia.jpg\",\"datePublished\":\"2025-02-11T16:07:42+00:00\",\"dateModified\":\"2025-02-19T15:01:51+00:00\",\"description\":\"Les meilleurs plans et escapades pour ne rien manquer lors de votre visite en Croatie. Des informations touristiques pour un voyage parfait !\",\"inLanguage\":\"fr-FR\",\"potentialAction\":[{\"@type\":\"ReadAction\",\"target\":[\"https:\/\/bestofcroatia.eu\/blog\/fr\/\"]}]},{\"@type\":\"ImageObject\",\"inLanguage\":\"fr-FR\",\"@id\":\"https:\/\/bestofcroatia.eu\/blog\/fr\/#primaryimage\",\"url\":\"https:\/\/bestofcroatia.eu\/blog\/wp-content\/uploads\/2025\/05\/Best-of-croatia.jpg\",\"contentUrl\":\"https:\/\/bestofcroatia.eu\/blog\/wp-content\/uploads\/2025\/05\/Best-of-croatia.jpg\",\"width\":1920,\"height\":704},{\"@type\":\"WebSite\",\"@id\":\"https:\/\/bestofcroatia.eu\/blog\/fr\/#website\",\"url\":\"https:\/\/bestofcroatia.eu\/blog\/fr\/\",\"name\":\"Blog &amp; Reisef\u00fchrer\",\"description\":\"BEST OF CROATIA E.K\",\"potentialAction\":[{\"@type\":\"SearchAction\",\"target\":{\"@type\":\"EntryPoint\",\"urlTemplate\":\"https:\/\/bestofcroatia.eu\/blog\/fr\/?s={search_term_string}\"},\"query-input\":{\"@type\":\"PropertyValueSpecification\",\"valueRequired\":true,\"valueName\":\"search_term_string\"}}],\"inLanguage\":\"fr-FR\"}]}<\/script>\n<!-- \/ Yoast SEO plugin. -->","yoast_head_json":{"title":"D\u00e9couvrir la Croatie, blog touristique | Best of Croatia","description":"Les meilleurs plans et escapades pour ne rien manquer lors de votre visite en Croatie. Des informations touristiques pour un voyage parfait !","robots":{"index":"index","follow":"follow","max-snippet":"max-snippet:-1","max-image-preview":"max-image-preview:large","max-video-preview":"max-video-preview:-1"},"canonical":"https:\/\/bestofcroatia.eu\/blog\/fr\/","og_locale":"fr_FR","og_type":"article","og_title":"D\u00e9couvrir la Croatie, blog touristique | Best of Croatia","og_description":"Les meilleurs plans et escapades pour ne rien manquer lors de votre visite en Croatie. Des informations touristiques pour un voyage parfait !","og_url":"https:\/\/bestofcroatia.eu\/blog\/fr\/","og_site_name":"Blog &amp; Reisef\u00fchrer","article_modified_time":"2025-02-19T15:01:51+00:00","og_image":[{"width":1920,"height":561,"url":"https:\/\/bestofcroatia.eu\/blog\/wp-content\/uploads\/2025\/02\/best-of-croatia-blog.jpg","type":"image\/jpeg"}],"twitter_card":"summary_large_image","twitter_misc":{"Dur\u00e9e de lecture estim\u00e9e":"1 minute"},"schema":{"@context":"https:\/\/schema.org","@graph":[{"@type":"WebPage","@id":"https:\/\/bestofcroatia.eu\/blog\/fr\/","url":"https:\/\/bestofcroatia.eu\/blog\/fr\/","name":"D\u00e9couvrir la Croatie, blog touristique | Best of Croatia","isPartOf":{"@id":"https:\/\/bestofcroatia.eu\/blog\/fr\/#website"},"primaryImageOfPage":{"@id":"https:\/\/bestofcroatia.eu\/blog\/fr\/#primaryimage"},"image":{"@id":"https:\/\/bestofcroatia.eu\/blog\/fr\/#primaryimage"},"thumbnailUrl":"https:\/\/bestofcroatia.eu\/blog\/wp-content\/uploads\/2025\/05\/Best-of-croatia.jpg","datePublished":"2025-02-11T16:07:42+00:00","dateModified":"2025-02-19T15:01:51+00:00","description":"Les meilleurs plans et escapades pour ne rien manquer lors de votre visite en Croatie. Des informations touristiques pour un voyage parfait !","inLanguage":"fr-FR","potentialAction":[{"@type":"ReadAction","target":["https:\/\/bestofcroatia.eu\/blog\/fr\/"]}]},{"@type":"ImageObject","inLanguage":"fr-FR","@id":"https:\/\/bestofcroatia.eu\/blog\/fr\/#primaryimage","url":"https:\/\/bestofcroatia.eu\/blog\/wp-content\/uploads\/2025\/05\/Best-of-croatia.jpg","contentUrl":"https:\/\/bestofcroatia.eu\/blog\/wp-content\/uploads\/2025\/05\/Best-of-croatia.jpg","width":1920,"height":704},{"@type":"WebSite","@id":"https:\/\/bestofcroatia.eu\/blog\/fr\/#website","url":"https:\/\/bestofcroatia.eu\/blog\/fr\/","name":"Blog &amp; Reisef\u00fchrer","description":"BEST OF CROATIA E.K","potentialAction":[{"@type":"SearchAction","target":{"@type":"EntryPoint","urlTemplate":"https:\/\/bestofcroatia.eu\/blog\/fr\/?s={search_term_string}"},"query-input":{"@type":"PropertyValueSpecification","valueRequired":true,"valueName":"search_term_string"}}],"inLanguage":"fr-FR"}]}},"_links":{"self":[{"href":"https:\/\/bestofcroatia.eu\/blog\/fr\/wp-json\/wp\/v2\/pages\/4972","targetHints":{"allow":["GET"]}}],"collection":[{"href":"https:\/\/bestofcroatia.eu\/blog\/fr\/wp-json\/wp\/v2\/pages"}],"about":[{"href":"https:\/\/bestofcroatia.eu\/blog\/fr\/wp-json\/wp\/v2\/types\/page"}],"author":[{"embeddable":true,"href":"https:\/\/bestofcroatia.eu\/blog\/fr\/wp-json\/wp\/v2\/users\/3"}],"replies":[{"embeddable":true,"href":"https:\/\/bestofcroatia.eu\/blog\/fr\/wp-json\/wp\/v2\/comments?post=4972"}],"version-history":[{"count":7,"href":"https:\/\/bestofcroatia.eu\/blog\/fr\/wp-json\/wp\/v2\/pages\/4972\/revisions"}],"predecessor-version":[{"id":5121,"href":"https:\/\/bestofcroatia.eu\/blog\/fr\/wp-json\/wp\/v2\/pages\/4972\/revisions\/5121"}],"wp:featuredmedia":[{"embeddable":true,"href":"https:\/\/bestofcroatia.eu\/blog\/fr\/wp-json\/wp\/v2\/media\/11782"}],"wp:attachment":[{"href":"https:\/\/bestofcroatia.eu\/blog\/fr\/wp-json\/wp\/v2\/media?parent=4972"}],"curies":[{"name":"wp","href":"https:\/\/api.w.org\/{rel}","templated":true}]}}